{"id":35,"date":"2016-03-20T14:37:53","date_gmt":"2016-03-20T13:37:53","guid":{"rendered":"http:\/\/www.bbsalon.cz\/?page_id=35"},"modified":"2022-10-21T18:32:43","modified_gmt":"2022-10-21T16:32:43","slug":"kontakt","status":"publish","type":"page","link":"https:\/\/www.bbsalon.cz\/?page_id=35","title":{"rendered":"Kontakt"},"content":{"rendered":"<p>Na\u0161e adresa:\u00a0Korunn\u00ed 1152\/82, 101 00, Praha 10-Vinohrady<\/p>\n<p>Email: <a href=\"mailto:info@salonbb.cz\">info@salonbb.cz<\/a><\/p>\n<p>Provozn\u00ed doba: Po-P\u00e1 9:00 &#8211; 19:00<\/p>\n<p>Barbora Beckov\u00e1 (kosmetika, viz\u00e1\u017eistika, manik\u00fara, pedik\u00fara): +420 605 586 190<\/p>\n<p>Simona Dufkov\u00e1 (kade\u0159nictv\u00ed): +420 723 007 789<\/p>\n<p>Na\u010fa Hiclov\u00e1 (kade\u0159nictv\u00ed): +420 604 219 947<\/p>\n","protected":false},"excerpt":{"rendered":"<p>Na\u0161e adresa:\u00a0Korunn\u00ed 1152\/82, 101 00, Praha 10-Vinohrady Email: info@salonbb.cz Provozn\u00ed doba: Po-P\u00e1 9:00 &#8211; 19:00 Barbora Beckov\u00e1 (kosmetika, viz\u00e1\u017eistika, manik\u00fara, pedik\u00fara): +420 605 586 190 Simona Dufkov\u00e1 (kade\u0159nictv\u00ed): +420 723[&#8230;]<\/p>\n","protected":false},"author":1,"featured_media":0,"parent":0,"menu_order":3,"comment_status":"closed","ping_status":"closed","template":"","meta":{"footnotes":""},"class_list":["post-35","page","type-page","status-publish","hentry"],"_links":{"self":[{"href":"https:\/\/www.bbsalon.cz\/index.php?rest_route=\/wp\/v2\/pages\/35","targetHints":{"allow":["GET"]}}],"collection":[{"href":"https:\/\/www.bbsalon.cz\/index.php?rest_route=\/wp\/v2\/pages"}],"about":[{"href":"https:\/\/www.bbsalon.cz\/index.php?rest_route=\/wp\/v2\/types\/page"}],"author":[{"embeddable":true,"href":"https:\/\/www.bbsalon.cz\/index.php?rest_route=\/wp\/v2\/users\/1"}],"replies":[{"embeddable":true,"href":"https:\/\/www.bbsalon.cz\/index.php?rest_route=%2Fwp%2Fv2%2Fcomments&post=35"}],"version-history":[{"count":19,"href":"https:\/\/www.bbsalon.cz\/index.php?rest_route=\/wp\/v2\/pages\/35\/revisions"}],"predecessor-version":[{"id":200,"href":"https:\/\/www.bbsalon.cz\/index.php?rest_route=\/wp\/v2\/pages\/35\/revisions\/200"}],"wp:attachment":[{"href":"https:\/\/www.bbsalon.cz\/index.php?rest_route=%2Fwp%2Fv2%2Fmedia&parent=35"}],"curies":[{"name":"wp","href":"https:\/\/api.w.org\/{rel}","templated":true}]}}